{"id":728,"date":"2025-08-20T20:30:01","date_gmt":"2025-08-20T18:30:01","guid":{"rendered":"http:\/\/grangenio.com\/?post_type=product&#038;p=728"},"modified":"2026-03-11T16:50:23","modified_gmt":"2026-03-11T15:50:23","slug":"hero-eco-125","status":"publish","type":"product","link":"https:\/\/grangenio.com\/en\/product\/hero-eco-125\/","title":{"rendered":"Hero Eco 125"},"content":{"rendered":"","protected":false},"excerpt":{"rendered":"<p><strong>4 tiempos, OHC<\/strong><br \/>\nMonocil\u00edndrico 124.7cc<br \/>\nTransmisi\u00f3n mec\u00e1nica 4 velocidades<br \/>\n<span class=\"aao\">\u00a0<\/span>Suspensi\u00f3n delantera: Hidr\u00e1ulica telesc\u00f3pica.<br \/>\nSuspensi\u00f3n trasera: doble amortiguador ajustable en 5 pasos<br \/>\nMax. potencia: 9.0 HP \/ 7000 rpm<br \/>\nMax. torque: 10.3 Nm \/ 4000rpm<br \/>\nNeum\u00e1ticos: Delantero 2.75 x17 -41P\/ Trasero: 3 x17-50P<br \/>\nCombustible: Gasolina<br \/>\nCapacidad Combustible: 12.5L (3,43Gls)<\/p>","protected":false},"featured_media":777,"comment_status":"open","ping_status":"closed","template":"","meta":[],"product_brand":[37],"product_cat":[20],"product_tag":[],"class_list":{"0":"post-728","1":"product","2":"type-product","3":"status-publish","4":"has-post-thumbnail","6":"product_brand-hero","7":"product_cat-deportiva","8":"pa_ano-56","9":"pa_cc-125-cc","10":"pa_color-rojo-metalico","11":"pa_uso-de-trabajo","13":"first","14":"instock","15":"taxable","16":"shipping-taxable","17":"purchasable","18":"product-type-simple"},"_links":{"self":[{"href":"https:\/\/grangenio.com\/en\/wp-json\/wp\/v2\/product\/728","targetHints":{"allow":["GET"]}}],"collection":[{"href":"https:\/\/grangenio.com\/en\/wp-json\/wp\/v2\/product"}],"about":[{"href":"https:\/\/grangenio.com\/en\/wp-json\/wp\/v2\/types\/product"}],"replies":[{"embeddable":true,"href":"https:\/\/grangenio.com\/en\/wp-json\/wp\/v2\/comments?post=728"}],"wp:featuredmedia":[{"embeddable":true,"href":"https:\/\/grangenio.com\/en\/wp-json\/wp\/v2\/media\/777"}],"wp:attachment":[{"href":"https:\/\/grangenio.com\/en\/wp-json\/wp\/v2\/media?parent=728"}],"wp:term":[{"taxonomy":"product_brand","embeddable":true,"href":"https:\/\/grangenio.com\/en\/wp-json\/wp\/v2\/product_brand?post=728"},{"taxonomy":"product_cat","embeddable":true,"href":"https:\/\/grangenio.com\/en\/wp-json\/wp\/v2\/product_cat?post=728"},{"taxonomy":"product_tag","embeddable":true,"href":"https:\/\/grangenio.com\/en\/wp-json\/wp\/v2\/product_tag?post=728"}],"curies":[{"name":"wp","href":"https:\/\/api.w.org\/{rel}","templated":true}]}}