{"id":1400,"date":"2026-03-30T18:02:48","date_gmt":"2026-03-30T16:02:48","guid":{"rendered":"https:\/\/grangenio.com\/?page_id=1400"},"modified":"2026-03-31T20:51:04","modified_gmt":"2026-03-31T18:51:04","slug":"politicas-de-reembolso","status":"publish","type":"page","link":"https:\/\/grangenio.com\/en\/politicas-de-reembolso\/","title":{"rendered":"Pol\u00edticas de Devoluciones y Cancelaciones"},"content":{"rendered":"<p><div class=\"fusion-fullwidth fullwidth-box fusion-builder-row-1 fusion-flex-container has-pattern-background has-mask-background nonhundred-percent-fullwidth non-hundred-percent-height-scrolling\" style=\"--awb-border-radius-top-left:0px;--awb-border-radius-top-right:0px;--awb-border-radius-bottom-right:0px;--awb-border-radius-bottom-left:0px;--awb-padding-top:20px;--awb-padding-bottom:20px;--awb-background-color:#000000;--awb-flex-wrap:wrap;\" ><div class=\"fusion-builder-row fusion-row fusion-flex-align-items-flex-start fusion-flex-content-wrap\" style=\"max-width:1289.6px;margin-left: calc(-4% \/ 2 );margin-right: calc(-4% \/ 2 );\"><div class=\"fusion-layout-column fusion_builder_column fusion-builder-column-0 fusion_builder_column_1_1 1_1 fusion-flex-column\" style=\"--awb-bg-size:cover;--awb-width-large:100%;--awb-margin-top-large:0px;--awb-spacing-right-large:1.92%;--awb-margin-bottom-large:0px;--awb-spacing-left-large:1.92%;--awb-width-medium:100%;--awb-order-medium:0;--awb-spacing-right-medium:1.92%;--awb-spacing-left-medium:1.92%;--awb-width-small:100%;--awb-order-small:0;--awb-spacing-right-small:1.92%;--awb-spacing-left-small:1.92%;\" data-scroll-devices=\"small-visibility,medium-visibility,large-visibility\"><div class=\"fusion-column-wrapper fusion-column-has-shadow fusion-flex-justify-content-flex-start fusion-content-layout-column\"><div class=\"fusion-title title fusion-title-1 fusion-sep-none fusion-title-center fusion-title-text fusion-title-size-two\" style=\"--awb-text-color:#ffffff;--awb-font-size:40px;\"><h2 class=\"fusion-title-heading title-heading-center\" style=\"font-family:&quot;Poppins&quot;;font-style:normal;font-weight:700;margin:0;font-size:1em;text-transform:capitalize;\">Pol\u00edticas de Devoluciones y Cancelaciones<\/h2><\/div><\/div><\/div><\/div><\/div><div class=\"fusion-fullwidth fullwidth-box fusion-builder-row-2 fusion-flex-container has-pattern-background has-mask-background nonhundred-percent-fullwidth non-hundred-percent-height-scrolling\" style=\"--awb-border-radius-top-left:0px;--awb-border-radius-top-right:0px;--awb-border-radius-bottom-right:0px;--awb-border-radius-bottom-left:0px;--awb-flex-wrap:wrap;\" ><div class=\"fusion-builder-row fusion-row fusion-flex-align-items-flex-start fusion-flex-content-wrap\" style=\"max-width:1289.6px;margin-left: calc(-4% \/ 2 );margin-right: calc(-4% \/ 2 );\"><div class=\"fusion-layout-column fusion_builder_column fusion-builder-column-1 fusion_builder_column_1_1 1_1 fusion-flex-column\" style=\"--awb-bg-size:cover;--awb-width-large:100%;--awb-margin-top-large:0px;--awb-spacing-right-large:1.92%;--awb-margin-bottom-large:20px;--awb-spacing-left-large:1.92%;--awb-width-medium:100%;--awb-order-medium:0;--awb-spacing-right-medium:1.92%;--awb-spacing-left-medium:1.92%;--awb-width-small:100%;--awb-order-small:0;--awb-spacing-right-small:1.92%;--awb-spacing-left-small:1.92%;\"><div class=\"fusion-column-wrapper fusion-column-has-shadow fusion-flex-justify-content-flex-start fusion-content-layout-column\"><div class=\"fusion-text fusion-text-1\" style=\"--awb-text-color:#565656;\"><p><b>Pol\u00edticas de Devoluciones y Cancelaciones \u2013 Grangenio<\/b><\/p>\n<p><b>Grangenio<\/b><span style=\"font-weight: 400;\">, propiedad de\u00a0<\/span><b>Open Road International SRL<\/b><span style=\"font-weight: 400;\">, establece las siguientes condiciones para sus operaciones de venta f\u00edsica en la Republica Dominicana y online de motos, repuestos, accesorios, bater\u00edas de litio y generadores el\u00e9ctricos.<\/span><\/p>\n<ol>\n<li><b> Gesti\u00f3n de \u00d3rdenes y Discrepancias<\/b><\/li>\n<\/ol>\n<p><span style=\"font-weight: 400;\">En caso de detectar diferencias en pesos, cantidades, precios, errores tipogr\u00e1ficos o imposibilidad de env\u00edo:<\/span><\/p>\n<ul>\n<li style=\"font-weight: 400;\" aria-level=\"1\"><b>Opciones del cliente:<\/b><span style=\"font-weight: 400;\">\u00a0Se le notificar\u00e1 para que pueda\u00a0<\/span><b>aceptar, modificar o cancelar<\/b><span style=\"font-weight: 400;\">\u00a0la orden. Se ajustar\u00e1 el cobro o reembolso seg\u00fan corresponda.<\/span><\/li>\n<li style=\"font-weight: 400;\" aria-level=\"1\"><b>Plazos de procesamiento:<\/b><span style=\"font-weight: 400;\">\u00a0Grangenio cuenta con\u00a0<\/span><b>2 d\u00edas h\u00e1biles<\/b><span style=\"font-weight: 400;\">\u00a0para procesar la compra tras la notificaci\u00f3n.<\/span><\/li>\n<li style=\"font-weight: 400;\" aria-level=\"1\"><b>Acci\u00f3n del cliente:<\/b><span style=\"font-weight: 400;\">\u00a0El cliente tiene\u00a0<\/span><b>7 d\u00edas calendario<\/b><span style=\"font-weight: 400;\">\u00a0para decidir. Si no hay respuesta en ese plazo, Grangenio cancelar\u00e1 la orden autom\u00e1ticamente y reintegrar\u00e1 el dinero a la cuenta de origen.<\/span><\/li>\n<\/ul>\n<p><b>. Reembolsos y Pagos<\/b><\/p>\n<ul>\n<li style=\"font-weight: 400;\" aria-level=\"1\"><b>Forma de pago:<\/b><span style=\"font-weight: 400;\">\u00a0Los reembolsos se realizar\u00e1n siempre al mismo origen y m\u00e9todo de pago utilizado, salvo acuerdo mutuo.<\/span><\/li>\n<li style=\"font-weight: 400;\" aria-level=\"1\"><b>Tiempo de ejecuci\u00f3n:<\/b><span style=\"font-weight: 400;\">\u00a0<\/span><b>Grangenio<\/b><span style=\"font-weight: 400;\">\u00a0ejecutar\u00e1 la devoluci\u00f3n en un m\u00e1ximo de\u00a0<\/span><b>10 d\u00edas h\u00e1biles<\/b><span style=\"font-weight: 400;\">\u00a0(el tiempo adicional que tome el banco en reflejarlo es ajeno a la empresa).<\/span><\/li>\n<li style=\"font-weight: 400;\" aria-level=\"1\"><b>Saldo a favor:<\/b><span style=\"font-weight: 400;\">\u00a0El cliente puede optar por dejar el monto como dep\u00f3sito para futuras compras.<\/span><\/li>\n<li style=\"font-weight: 400;\" aria-level=\"1\"><b>Pagos anticipados:<\/b><span style=\"font-weight: 400;\">\u00a0Los pagos se realizan por adelantado v\u00eda transferencia o tarjeta de cr\u00e9dito (debitada en un plazo de 24 horas tras el acuerdo comercial).<\/span><\/li>\n<\/ul>\n<ol start=\"4\">\n<li><b> Reclamaciones y Garant\u00edas<\/b><\/li>\n<\/ol>\n<ul>\n<li style=\"font-weight: 400;\" aria-level=\"1\"><b>L\u00edmite de responsabilidad:<\/b><span style=\"font-weight: 400;\">\u00a0Las reclamaciones por errores propios o de terceros nunca superar\u00e1n el monto abonado por el cliente.\u00a0<\/span><b>Grangenio<\/b><span style=\"font-weight: 400;\">\u00a0no se responsabiliza por da\u00f1os y perjuicios derivados de estos errores.<\/span><\/li>\n<li style=\"font-weight: 400;\" aria-level=\"1\"><b>Garant\u00edas internacionales:<\/b><span style=\"font-weight: 400;\">\u00a0Fuera de EE. UU., las devoluciones y garant\u00edas se rigen por las normas del fabricante o vendedor original y las regulaciones aduanales de cada pa\u00eds.\u00a0<\/span><b>Grangenio<\/b><span style=\"font-weight: 400;\">\u00a0es ajeno a incidencias por regulaciones legales externas<\/span><\/li>\n<\/ul>\n<\/div><\/div><\/div><\/div><\/div><\/p>","protected":false},"excerpt":{"rendered":"","protected":false},"author":1,"featured_media":0,"parent":0,"menu_order":0,"comment_status":"closed","ping_status":"closed","template":"100-width.php","meta":{"footnotes":""},"class_list":["post-1400","page","type-page","status-publish","hentry"],"_links":{"self":[{"href":"https:\/\/grangenio.com\/en\/wp-json\/wp\/v2\/pages\/1400","targetHints":{"allow":["GET"]}}],"collection":[{"href":"https:\/\/grangenio.com\/en\/wp-json\/wp\/v2\/pages"}],"about":[{"href":"https:\/\/grangenio.com\/en\/wp-json\/wp\/v2\/types\/page"}],"author":[{"embeddable":true,"href":"https:\/\/grangenio.com\/en\/wp-json\/wp\/v2\/users\/1"}],"replies":[{"embeddable":true,"href":"https:\/\/grangenio.com\/en\/wp-json\/wp\/v2\/comments?post=1400"}],"version-history":[{"count":2,"href":"https:\/\/grangenio.com\/en\/wp-json\/wp\/v2\/pages\/1400\/revisions"}],"predecessor-version":[{"id":1431,"href":"https:\/\/grangenio.com\/en\/wp-json\/wp\/v2\/pages\/1400\/revisions\/1431"}],"wp:attachment":[{"href":"https:\/\/grangenio.com\/en\/wp-json\/wp\/v2\/media?parent=1400"}],"curies":[{"name":"wp","href":"https:\/\/api.w.org\/{rel}","templated":true}]}}