{"id":1397,"date":"2026-03-30T17:57:48","date_gmt":"2026-03-30T15:57:48","guid":{"rendered":"https:\/\/grangenio.com\/?page_id=1397"},"modified":"2026-03-31T20:59:01","modified_gmt":"2026-03-31T18:59:01","slug":"politicas-de-seguridad","status":"publish","type":"page","link":"https:\/\/grangenio.com\/en\/politicas-de-seguridad\/","title":{"rendered":"Pol\u00edtica De Privacidad, Seguridad Y Propiedad Intelectual"},"content":{"rendered":"<p><div class=\"fusion-fullwidth fullwidth-box fusion-builder-row-1 fusion-flex-container has-pattern-background has-mask-background nonhundred-percent-fullwidth non-hundred-percent-height-scrolling\" style=\"--awb-border-radius-top-left:0px;--awb-border-radius-top-right:0px;--awb-border-radius-bottom-right:0px;--awb-border-radius-bottom-left:0px;--awb-padding-top:20px;--awb-padding-bottom:20px;--awb-background-color:#000000;--awb-flex-wrap:wrap;\" ><div class=\"fusion-builder-row fusion-row fusion-flex-align-items-flex-start fusion-flex-content-wrap\" style=\"max-width:1289.6px;margin-left: calc(-4% \/ 2 );margin-right: calc(-4% \/ 2 );\"><div class=\"fusion-layout-column fusion_builder_column fusion-builder-column-0 fusion_builder_column_1_1 1_1 fusion-flex-column\" style=\"--awb-bg-size:cover;--awb-width-large:100%;--awb-margin-top-large:0px;--awb-spacing-right-large:1.92%;--awb-margin-bottom-large:0px;--awb-spacing-left-large:1.92%;--awb-width-medium:100%;--awb-order-medium:0;--awb-spacing-right-medium:1.92%;--awb-spacing-left-medium:1.92%;--awb-width-small:100%;--awb-order-small:0;--awb-spacing-right-small:1.92%;--awb-spacing-left-small:1.92%;\" data-scroll-devices=\"small-visibility,medium-visibility,large-visibility\"><div class=\"fusion-column-wrapper fusion-column-has-shadow fusion-flex-justify-content-flex-start fusion-content-layout-column\"><div class=\"fusion-title title fusion-title-1 fusion-sep-none fusion-title-center fusion-title-text fusion-title-size-two\" style=\"--awb-text-color:#ffffff;--awb-font-size:40px;\"><h2 class=\"fusion-title-heading title-heading-center\" style=\"font-family:&quot;Poppins&quot;;font-style:normal;font-weight:700;margin:0;font-size:1em;text-transform:capitalize;\">Pol\u00edtica De Privacidad, Seguridad Y Propiedad Intelectual<\/h2><\/div><\/div><\/div><\/div><\/div><div class=\"fusion-fullwidth fullwidth-box fusion-builder-row-2 fusion-flex-container has-pattern-background has-mask-background nonhundred-percent-fullwidth non-hundred-percent-height-scrolling\" style=\"--awb-border-radius-top-left:0px;--awb-border-radius-top-right:0px;--awb-border-radius-bottom-right:0px;--awb-border-radius-bottom-left:0px;--awb-flex-wrap:wrap;\" ><div class=\"fusion-builder-row fusion-row fusion-flex-align-items-flex-start fusion-flex-content-wrap\" style=\"max-width:1289.6px;margin-left: calc(-4% \/ 2 );margin-right: calc(-4% \/ 2 );\"><div class=\"fusion-layout-column fusion_builder_column fusion-builder-column-1 fusion_builder_column_1_1 1_1 fusion-flex-column\" style=\"--awb-bg-size:cover;--awb-width-large:100%;--awb-margin-top-large:0px;--awb-spacing-right-large:1.92%;--awb-margin-bottom-large:20px;--awb-spacing-left-large:1.92%;--awb-width-medium:100%;--awb-order-medium:0;--awb-spacing-right-medium:1.92%;--awb-spacing-left-medium:1.92%;--awb-width-small:100%;--awb-order-small:0;--awb-spacing-right-small:1.92%;--awb-spacing-left-small:1.92%;\"><div class=\"fusion-column-wrapper fusion-column-has-shadow fusion-flex-justify-content-flex-start fusion-content-layout-column\"><div class=\"fusion-text fusion-text-1\" style=\"--awb-text-color:#565656;\"><p><b>POL\u00cdTICA DE PRIVACIDAD, SEGURIDAD Y PROPIEDAD INTELECTUAL \u2013 GRANGENIO<\/b><\/p>\n<p><span style=\"font-weight: 400;\">In\u00a0<\/span><b>Grangenio<\/b><span style=\"font-weight: 400;\">, plataforma de\u00a0<\/span><b>Open Road International SRL<\/b><span style=\"font-weight: 400;\">, la protecci\u00f3n de su informaci\u00f3n es nuestra prioridad.<\/span><\/p>\n<ol>\n<li><b> Privacidad y Uso de Datos<\/b><\/li>\n<\/ol>\n<ul>\n<li style=\"font-weight: 400;\" aria-level=\"1\"><b>Almacenamiento:<\/b><span style=\"font-weight: 400;\">\u00a0Sus datos personales (nombres, direcciones, contactos) se almacenan exclusivamente para mejorar la calidad del servicio y gestionar sus env\u00edos o reservas.<\/span><\/li>\n<li style=\"font-weight: 400;\" aria-level=\"1\"><b>No comercializaci\u00f3n:<\/b><span style=\"font-weight: 400;\">\u00a0Sus datos\u00a0<\/span><b>no se venden, alquilan ni comparten<\/b><span style=\"font-weight: 400;\">\u00a0con terceros para fines comerciales o de marketing ajenos a la operaci\u00f3n de\u00a0<\/span><b>Grangenio<\/b><span style=\"font-weight: 400;\">.<\/span><\/li>\n<li style=\"font-weight: 400;\" aria-level=\"1\"><b>Derechos del usuario:<\/b><span style=\"font-weight: 400;\">\u00a0Usted tiene derecho a darse de baja de nuestras comunicaciones en cualquier momento.<\/span><\/li>\n<\/ul>\n<ol start=\"2\">\n<li><b> Seguridad de la Informaci\u00f3n<\/b><\/li>\n<\/ol>\n<ul>\n<li style=\"font-weight: 400;\" aria-level=\"1\"><b>Protecci\u00f3n avanzada:<\/b><span style=\"font-weight: 400;\">\u00a0Contamos con sistemas probados para evitar el acceso no autorizado o la filtraci\u00f3n de datos por parte de terceros.<\/span><\/li>\n<li style=\"font-weight: 400;\" aria-level=\"1\"><b>Datos Financieros:<\/b><span style=\"font-weight: 400;\">\u00a0Por su seguridad,\u00a0<\/span><b>no almacenamos informaci\u00f3n referente a sus medios de pago<\/b><span style=\"font-weight: 400;\">\u00a0(n\u00fameros de tarjeta, CVV, etc.). Todas las transacciones se realizan mediante pasarelas de pago seguras y certificadas.<\/span><\/li>\n<\/ul>\n<ol start=\"3\">\n<li><b> Propiedad Intelectual<\/b><\/li>\n<\/ol>\n<ul>\n<li style=\"font-weight: 400;\" aria-level=\"1\"><span style=\"font-weight: 400;\">Todos los derechos de propiedad intelectual, incluyendo logotipos, dise\u00f1os, estructura del sitio web y contenidos, pertenecen exclusivamente a\u00a0<\/span><b>Grangenio<\/b><span style=\"font-weight: 400;\">. Queda prohibida su reproducci\u00f3n sin autorizaci\u00f3n previa.<\/span><\/li>\n<\/ul>\n<p><b>RESCISI\u00d3N DE RELACIONES COMERCIALES<\/b><\/p>\n<ul>\n<li style=\"font-weight: 400;\" aria-level=\"1\"><b>Por parte de Grangenio:<\/b><span style=\"font-weight: 400;\">\u00a0Nos reservamos el derecho de rescindir la relaci\u00f3n comercial con clientes que incumplan estos t\u00e9rminos, incurran en conductas fraudulentas o abusen de los servicios prestados.<\/span><\/li>\n<li style=\"font-weight: 400;\" aria-level=\"1\"><b>Por parte del Cliente:<\/b><span style=\"font-weight: 400;\">\u00a0El usuario puede solicitar el cierre de su cuenta o la rescisi\u00f3n de la relaci\u00f3n notificando previamente a nuestro equipo de atenci\u00f3n al cliente.<\/span><\/li>\n<\/ul>\n<p><b>SOPORTE Y MENSAJER\u00cdA (SMS Y CORREO)<\/b><\/p>\n<p><span style=\"font-weight: 400;\">Nos comprometemos a proteger su privacidad en cada canal de contacto. Si tiene dudas sobre nuestras pr\u00e1cticas o sus datos, puede contactarnos:<\/span><\/p>\n<ul>\n<li style=\"font-weight: 400;\" aria-level=\"1\"><b>Email:<\/b><span style=\"font-weight: 400;\">\u00a0<\/span><\/li>\n<li style=\"font-weight: 400;\" aria-level=\"1\"><b>Tel\u00e9fono de soporte:<\/b><span style=\"font-weight: 400;\">\u00a0+<\/span><\/li>\n<li style=\"font-weight: 400;\" aria-level=\"1\"><b>Baja de SMS:<\/b><span style=\"font-weight: 400;\">\u00a0Responda con la palabra\u00a0<\/span><b>\"STOP\"<\/b><span style=\"font-weight: 400;\">\u00a0a cualquier mensaje recibido para dejar de recibir comunicaciones autom\u00e1ticas.<\/span><\/li>\n<\/ul>\n<\/div><\/div><\/div><\/div><\/div><\/p>","protected":false},"excerpt":{"rendered":"","protected":false},"author":1,"featured_media":0,"parent":0,"menu_order":0,"comment_status":"closed","ping_status":"closed","template":"100-width.php","meta":{"footnotes":""},"class_list":["post-1397","page","type-page","status-publish","hentry"],"_links":{"self":[{"href":"https:\/\/grangenio.com\/en\/wp-json\/wp\/v2\/pages\/1397","targetHints":{"allow":["GET"]}}],"collection":[{"href":"https:\/\/grangenio.com\/en\/wp-json\/wp\/v2\/pages"}],"about":[{"href":"https:\/\/grangenio.com\/en\/wp-json\/wp\/v2\/types\/page"}],"author":[{"embeddable":true,"href":"https:\/\/grangenio.com\/en\/wp-json\/wp\/v2\/users\/1"}],"replies":[{"embeddable":true,"href":"https:\/\/grangenio.com\/en\/wp-json\/wp\/v2\/comments?post=1397"}],"version-history":[{"count":3,"href":"https:\/\/grangenio.com\/en\/wp-json\/wp\/v2\/pages\/1397\/revisions"}],"predecessor-version":[{"id":1434,"href":"https:\/\/grangenio.com\/en\/wp-json\/wp\/v2\/pages\/1397\/revisions\/1434"}],"wp:attachment":[{"href":"https:\/\/grangenio.com\/en\/wp-json\/wp\/v2\/media?parent=1397"}],"curies":[{"name":"wp","href":"https:\/\/api.w.org\/{rel}","templated":true}]}}