{"id":1387,"date":"2026-03-30T17:31:29","date_gmt":"2026-03-30T15:31:29","guid":{"rendered":"https:\/\/grangenio.com\/?page_id=1387"},"modified":"2026-03-31T20:54:54","modified_gmt":"2026-03-31T18:54:54","slug":"terminos-condiciones","status":"publish","type":"page","link":"https:\/\/grangenio.com\/en\/terminos-condiciones\/","title":{"rendered":"T\u00e9rminos &#038; Condiciones Generales"},"content":{"rendered":"<p><div class=\"fusion-fullwidth fullwidth-box fusion-builder-row-1 fusion-flex-container has-pattern-background has-mask-background nonhundred-percent-fullwidth non-hundred-percent-height-scrolling\" style=\"--awb-border-radius-top-left:0px;--awb-border-radius-top-right:0px;--awb-border-radius-bottom-right:0px;--awb-border-radius-bottom-left:0px;--awb-padding-top:20px;--awb-padding-bottom:20px;--awb-background-color:#000000;--awb-flex-wrap:wrap;\" ><div class=\"fusion-builder-row fusion-row fusion-flex-align-items-flex-start fusion-flex-content-wrap\" style=\"max-width:1289.6px;margin-left: calc(-4% \/ 2 );margin-right: calc(-4% \/ 2 );\"><div class=\"fusion-layout-column fusion_builder_column fusion-builder-column-0 fusion_builder_column_1_1 1_1 fusion-flex-column\" style=\"--awb-bg-size:cover;--awb-width-large:100%;--awb-margin-top-large:0px;--awb-spacing-right-large:1.92%;--awb-margin-bottom-large:0px;--awb-spacing-left-large:1.92%;--awb-width-medium:100%;--awb-order-medium:0;--awb-spacing-right-medium:1.92%;--awb-spacing-left-medium:1.92%;--awb-width-small:100%;--awb-order-small:0;--awb-spacing-right-small:1.92%;--awb-spacing-left-small:1.92%;\" data-scroll-devices=\"small-visibility,medium-visibility,large-visibility\"><div class=\"fusion-column-wrapper fusion-column-has-shadow fusion-flex-justify-content-flex-start fusion-content-layout-column\"><div class=\"fusion-title title fusion-title-1 fusion-sep-none fusion-title-center fusion-title-text fusion-title-size-two\" style=\"--awb-text-color:#ffffff;--awb-font-size:40px;\"><h2 class=\"fusion-title-heading title-heading-center\" style=\"font-family:&quot;Poppins&quot;;font-style:normal;font-weight:700;margin:0;font-size:1em;text-transform:capitalize;\">T\u00e9rminos &#038; Condiciones Generales<\/h2><\/div><\/div><\/div><\/div><\/div><div class=\"fusion-fullwidth fullwidth-box fusion-builder-row-2 fusion-flex-container has-pattern-background has-mask-background nonhundred-percent-fullwidth non-hundred-percent-height-scrolling\" style=\"--awb-border-radius-top-left:0px;--awb-border-radius-top-right:0px;--awb-border-radius-bottom-right:0px;--awb-border-radius-bottom-left:0px;--awb-flex-wrap:wrap;\" ><div class=\"fusion-builder-row fusion-row fusion-flex-align-items-flex-start fusion-flex-content-wrap\" style=\"max-width:1289.6px;margin-left: calc(-4% \/ 2 );margin-right: calc(-4% \/ 2 );\"><div class=\"fusion-layout-column fusion_builder_column fusion-builder-column-1 fusion_builder_column_1_1 1_1 fusion-flex-column\" style=\"--awb-bg-size:cover;--awb-width-large:100%;--awb-margin-top-large:0px;--awb-spacing-right-large:1.92%;--awb-margin-bottom-large:20px;--awb-spacing-left-large:1.92%;--awb-width-medium:100%;--awb-order-medium:0;--awb-spacing-right-medium:1.92%;--awb-spacing-left-medium:1.92%;--awb-width-small:100%;--awb-order-small:0;--awb-spacing-right-small:1.92%;--awb-spacing-left-small:1.92%;\"><div class=\"fusion-column-wrapper fusion-column-has-shadow fusion-flex-justify-content-flex-start fusion-content-layout-column\"><div class=\"fusion-text fusion-text-1\" style=\"--awb-text-color:#565656;\"><p><b>T\u00c9RMINOS Y CONDICIONES GENERALES \u2013 GRANGENIO<\/b><\/p>\n<p><span style=\"font-weight: 400;\">El acceso y navegaci\u00f3n en nuestro sitio web es gratuito y no requiere suscripci\u00f3n. El uso de los servicios de\u00a0<\/span><b>Grangenio<\/b><span style=\"font-weight: 400;\">\u00a0implica la aceptaci\u00f3n expresa de estos T\u00e9rminos y Condiciones y de la Declaraci\u00f3n Jurada.<\/span><\/p>\n<ol>\n<li><b> Introducci\u00f3n y \u00c1reas de Negocio<\/b><\/li>\n<\/ol>\n<p><b>Grangenio<\/b><span style=\"font-weight: 400;\">\u00a0es una plataforma de\u00a0<\/span><b>Open Road International SRL<\/b><span style=\"font-weight: 400;\">\u00a0especializada en la venta de motocicletas de combusti\u00f3n, el\u00e9ctricas, repuestos accesorios, bater\u00edas de litios, equipos port\u00e1tiles de energ\u00eda para clientes que compran en tiendas f\u00edsicas y online.<\/span><\/p>\n<ul>\n<li style=\"font-weight: 400;\" aria-level=\"1\"><b>Env\u00edos :<\/b>\n<ul>\n<li style=\"font-weight: 400;\" aria-level=\"2\"><b>Maritimos y a\u00e9reos a trav\u00e9s de agencias autorizadas por AEROVARADERO Puerta a Puerta:<\/b><span style=\"font-weight: 400;\">\u00a0Recogida y entrega directa en Cuba, para paqueter\u00eda.<\/span><\/li>\n<\/ul>\n<\/li>\n<li style=\"font-weight: 400;\" aria-level=\"1\"><b>Mercado y E-commerce:<\/b>\n<ul>\n<li style=\"font-weight: 400;\" aria-level=\"2\"><span style=\"font-weight: 400;\">Venta de motos (el\u00e9ctricas y de combusti\u00f3n), repuestos, accesorios, bater\u00edas de litio y generadores el\u00e9ctricos port\u00e1tiles.<\/span><\/li>\n<li style=\"font-weight: 400;\" aria-level=\"2\"><span style=\"font-weight: 400;\">Entrega directa en domicilio en Cuba o recogida en Transitaria Aerovaradero \u00a0 (30-40 d\u00edas h\u00e1biles).<\/span><\/li>\n<li style=\"font-weight: 400;\" aria-level=\"2\"><span style=\"font-weight: 400;\">Gesti\u00f3n de compra de repuestos, accesorios, motocicletas, mediante registro de inter\u00e9s.<\/span><\/li>\n<\/ul>\n<\/li>\n<\/ul>\n<ol start=\"2\">\n<li><b> Registro y Cuenta de Usuario<\/b><\/li>\n<\/ol>\n<ul>\n<li style=\"font-weight: 400;\" aria-level=\"1\"><b>Informaci\u00f3n:<\/b><span style=\"font-weight: 400;\">\u00a0El usuario debe proporcionar datos precisos y actualizados. La cuenta es personal e intransferible.<\/span><\/li>\n<li style=\"font-weight: 400;\" aria-level=\"1\"><b>Seguridad:<\/b><span style=\"font-weight: 400;\">\u00a0Es responsabilidad del usuario proteger su contrase\u00f1a.\u00a0<\/span><b>Grangenio<\/b><span style=\"font-weight: 400;\">\u00a0utiliza protocolos de cifrado est\u00e1ndar, pero no se hace responsable del uso no autorizado de m\u00e9todos de pago por descuido del titular.<\/span><\/li>\n<li style=\"font-weight: 400;\" aria-level=\"1\"><b>Menores de edad:<\/b><span style=\"font-weight: 400;\">\u00a0Usuarios menores de 18 a\u00f1os requieren autorizaci\u00f3n de padres o tutores legales.<\/span><\/li>\n<li style=\"font-weight: 400;\" aria-level=\"1\"><b>Cancelaci\u00f3n:<\/b><span style=\"font-weight: 400;\">\u00a0Nos reservamos el derecho de inhabilitar cuentas por uso indebido o fraude.<\/span><\/li>\n<\/ul>\n<ol start=\"3\">\n<li><b> Comunicaciones y Notificaciones<\/b><\/li>\n<\/ol>\n<p><b>Grangenio<\/b><span style=\"font-weight: 400;\">\u00a0utilizar\u00e1 el correo electr\u00f3nico y mensajes de texto (SMS) para comunicar estados de \u00f3rdenes, cambios en pol\u00edticas y ofertas.<\/span><\/p>\n<ul>\n<li style=\"font-weight: 400;\" aria-level=\"1\"><b>Responsabilidad:<\/b><span style=\"font-weight: 400;\">\u00a0Es deber del cliente mantener sus datos de contacto actualizados. Se considerar\u00e1 una comunicaci\u00f3n como \"recibida\" si es enviada al correo registrado.<\/span><\/li>\n<li style=\"font-weight: 400;\" aria-level=\"1\"><b>Servicio de SMS:<\/b>\n<ul>\n<li style=\"font-weight: 400;\" aria-level=\"2\"><span style=\"font-weight: 400;\">Al registrar su n\u00famero, acepta recibir actualizaciones y marketing.<\/span><\/li>\n<li style=\"font-weight: 400;\" aria-level=\"2\"><b>Privacidad:<\/b><span style=\"font-weight: 400;\">\u00a0Su n\u00famero no ser\u00e1 vendido ni compartido con terceros ajenos a la operaci\u00f3n de\u00a0<\/span><b>Grangenio<\/b><span style=\"font-weight: 400;\">.<\/span><\/li>\n<li style=\"font-weight: 400;\" aria-level=\"2\"><b>Baja del servicio:<\/b><span style=\"font-weight: 400;\">\u00a0Puede responder \"STOP\" en cualquier momento para dejar de recibir SMS o \"AYUDA\" para asistencia.<\/span><\/li>\n<\/ul>\n<\/li>\n<\/ul>\n<ol start=\"4\">\n<li><b> Disposiciones Legales<\/b><\/li>\n<\/ol>\n<ul>\n<li style=\"font-weight: 400;\" aria-level=\"1\"><b>Autorizaci\u00f3n Legal:<\/b><span style=\"font-weight: 400;\">\u00a0El usuario es responsable de asegurar que el uso de nuestros servicios est\u00e9 permitido en su ubicaci\u00f3n geogr\u00e1fica.<\/span><\/li>\n<li style=\"font-weight: 400;\" aria-level=\"1\"><b>Modificaciones:<\/b><span style=\"font-weight: 400;\">\u00a0<\/span><b>Grangenio<\/b><span style=\"font-weight: 400;\">\u00a0puede modificar unilateralmente el sitio web (grangenio.com), sus tarifas y configuraciones en cualquier momento, procurando informar al usuario a trav\u00e9s del portal.<\/span><\/li>\n<\/ul>\n<p><b>Protecci\u00f3n de Datos:<\/b><span style=\"font-weight: 400;\">\u00a0No almacenamos datos financieros sensibles. Todas las transacciones se procesan mediante plataformas de pago certificadas y seguras.<\/span><\/p>\n<\/div><\/div><\/div><\/div><\/div><\/p>","protected":false},"excerpt":{"rendered":"","protected":false},"author":1,"featured_media":0,"parent":0,"menu_order":0,"comment_status":"closed","ping_status":"closed","template":"100-width.php","meta":{"footnotes":""},"class_list":["post-1387","page","type-page","status-publish","hentry"],"_links":{"self":[{"href":"https:\/\/grangenio.com\/en\/wp-json\/wp\/v2\/pages\/1387","targetHints":{"allow":["GET"]}}],"collection":[{"href":"https:\/\/grangenio.com\/en\/wp-json\/wp\/v2\/pages"}],"about":[{"href":"https:\/\/grangenio.com\/en\/wp-json\/wp\/v2\/types\/page"}],"author":[{"embeddable":true,"href":"https:\/\/grangenio.com\/en\/wp-json\/wp\/v2\/users\/1"}],"replies":[{"embeddable":true,"href":"https:\/\/grangenio.com\/en\/wp-json\/wp\/v2\/comments?post=1387"}],"version-history":[{"count":6,"href":"https:\/\/grangenio.com\/en\/wp-json\/wp\/v2\/pages\/1387\/revisions"}],"predecessor-version":[{"id":1432,"href":"https:\/\/grangenio.com\/en\/wp-json\/wp\/v2\/pages\/1387\/revisions\/1432"}],"wp:attachment":[{"href":"https:\/\/grangenio.com\/en\/wp-json\/wp\/v2\/media?parent=1387"}],"curies":[{"name":"wp","href":"https:\/\/api.w.org\/{rel}","templated":true}]}}